{"id":33,"date":"2014-05-24T00:00:43","date_gmt":"2014-05-23T22:00:43","guid":{"rendered":"http:\/\/www.dieivans.at\/georg\/?page_id=33"},"modified":"2023-03-24T23:10:34","modified_gmt":"2023-03-24T22:10:34","slug":"impressum","status":"publish","type":"page","link":"https:\/\/www.dieivans.at\/georg\/impressum","title":{"rendered":"Impressum"},"content":{"rendered":"<p><img loading=\"lazy\" decoding=\"async\" class=\"alignright wp-image-34\" style=\"margin: 5px;\" src=\"http:\/\/www.dieivans.at\/georg\/wp-content\/uploads\/2014\/03\/impressum-289x300.jpg\" alt=\"\" width=\"289\" height=\"300\" srcset=\"https:\/\/www.dieivans.at\/georg\/wp-content\/uploads\/2014\/03\/impressum-289x300.jpg 289w, https:\/\/www.dieivans.at\/georg\/wp-content\/uploads\/2014\/03\/impressum.jpg 391w\" sizes=\"auto, (max-width: 289px) 100vw, 289px\" \/>Georg Ivan<br \/>\n1220 Wien, Mei\u00dfauergasse&nbsp;2A\/3\/1<br \/>\n\u00d6sterreich<\/p>\n<p>Berufsfotograf<\/p>\n<p>Telefon:&nbsp;+43 (680)&nbsp;328 24 42<br \/>\nE-Mail:&nbsp;office@dieivans.at<\/p>\n<p>Beh\u00f6rde gem. ECG:&nbsp;Magistratisches Bezirksamt des XXII. Bezirkes<br \/>\n(E-Commerce-Gesetz)<\/p>\n<p>Mitglied: Wirtschaftskammer Wien<\/p>\n<p><a href=\"http:\/\/www.wkoecg.at\/Web\/Ecg.aspx?FirmaID=4d92afc1-4668-45be-8e2d-26ba3cb406d6\" target=\"_blank\" rel=\"noopener\"><img loading=\"lazy\" decoding=\"async\" class=\"alignnone\" src=\"https:\/\/www.dieivans.at\/georg\/wp-content\/uploads\/2022\/09\/ecg.png\" alt=\"Informationen zu E-Commerce und Mediengesetz\" width=\"169\" height=\"23\"><\/a><\/p>\n<h1>Haftungsausschluss (Disclaimer)<\/h1>\n<h4>Links:<\/h4>\n<p>Meine Seite enth\u00e4lt Links zu externen Webseiten Dritter, auf deren Inhalte ich keinen Einfluss habe. Deshalb kann ich f\u00fcr diese Inhalte auch keine Gew\u00e4hr \u00fcbernehmen. F\u00fcr die Inhalte der verlinkten Seiten ist stets der jeweilige Anbieter oder Betreiber der Seiten verantwortlich. Die verlinkten Seiten habe ich zum Zeitpunkt der Verlinkung auf m\u00f6gliche Rechtsverst\u00f6\u00dfe \u00fcberpr\u00fcft. Rechtswidrige Inhalte waren zum Zeitpunkt der Verlinkung nicht erkennbar. Eine permanente inhaltliche Kontrolle der verlinkten Seiten ist jedoch ohne konkrete Anhaltspunkte einer Rechtsverletzung nicht zumutbar. Bei Bekanntwerden von Rechtsverletzungen werde ich derartige Links umgehend entfernen.<\/p>\n<h4>Urheberrecht:<\/h4>\n<p>Die von mir erstellten Inhalte und Werke auf diesen Seiten unterliegen dem Urheberrecht. Die Vervielf\u00e4ltigung, Bearbeitung, Verbreitung und jede Art der Verwertung au\u00dferhalb der Grenzen des Urheberrechtes bed\u00fcrfen der schriftlichen Zustimmung durch mich. Soweit die Inhalte auf dieser Seite nicht von mir erstellt wurden, werden die Urheberrechte Dritter beachtet. Insbesondere werden Inhalte Dritter als solche gekennzeichnet. Sollten Sie trotzdem auf eine Urheberrechtsverletzung aufmerksam werden, bitte ich um einen entsprechenden Hinweis. Bei Bekanntwerden von Rechtsverletzungen werde ich derartige Inhalte umgehend entfernen.<\/p>\n<h1>Datenschutzerkl\u00e4rung<\/h1>\n<h4>Datenschutz:<\/h4>\n<p>Die Nutzung meiner Webseite ist in der Regel ohne Angabe personenbezogener Daten m\u00f6glich. Soweit auf meiner Seite personenbezogene Daten (beispielsweise Name, Anschrift oder E-Mailadressen) erhoben werden, erfolgt dies, soweit m\u00f6glich, stets auf freiwilliger Basis. Diese Daten werden ohne Ihre ausdr\u00fcckliche Zustimmung nicht an Dritte weitergegeben.<\/p>\n<p>Ich weise darauf hin, dass die Daten\u00fcbertragung im Internet (z.B. bei der Kommunikation per E-Mail) Sicherheitsl\u00fccken aufweisen kann. Ein l\u00fcckenloser Schutz der Daten vor dem Zugriff durch Dritte ist nicht m\u00f6glich.<\/p>\n<p>Der Nutzung von im Rahmen der Impressumspflicht ver\u00f6ffentlichten Kontaktdaten durch Dritte zur \u00dcbersendung von nicht ausdr\u00fccklich angeforderter Werbung und Informationsmaterialien wird hiermit ausdr\u00fccklich widersprochen. Ich behalte mir ausdr\u00fccklich rechtliche Schritte im Falle der unverlangten Zusendung von Werbeinformationen, etwa durch Spam-Mails, vor.<\/p>\n<p>Zur Verwaltung der eingesetzten Cookies und \u00e4hnlichen Technologien (Tracking-Pixel, Web-Beacons etc.) und diesbez\u00fcglicher Einwilligungen setzen wir das Consent Tool &#8222;Real Cookie Banner&#8220; ein. Details zur Funktionsweise von &#8222;Real Cookie Banner&#8220; ist <a href=\"https:\/\/devowl.io\/de\/rcb\/datenverarbeitung\/\" target=\"_blank\" rel=\"noopener\">hier<\/a> zu finden.<\/p>\n<h1>Info zur DSGVO!<\/h1>\n<p>Ich versende keinen Newsletter!<\/p>\n<p>Ich speichere nur die Kontaktdaten des Auftraggebers (Name, E-Mail &amp; Telefonnummer) f\u00fcr die Zeit der Abwicklung des Auftrags im Telefon. Auf besonderen Wunsch, um die Datenweitergabe durch verschiedenste Apps zu verhindern, werden die Daten nicht im Telefonbuch gespeichert. Die Kontaktdaten meiner Kunden werden nur als Zuordnungsinformation bei Ihren Fotos auf meiner eigenen NAS gespeichert.<br \/>\nDie Fotos bleiben f\u00fcr etwaige Nachbestellungen in meinem Archiv!<\/p>\n<p>Und keine Sorge Ihre personenbezogenen Daten werden bewusst niemals weitergegeben!<\/p>\n<p>&nbsp;<\/p>\n<p style=\"text-align: right;\">Stand: 24. M\u00e4rz 2023<\/p>\n","protected":false},"excerpt":{"rendered":"<p>Georg Ivan 1220 Wien, Mei\u00dfauergasse&nbsp;2A\/3\/1 \u00d6sterreich Berufsfotograf Telefon:&nbsp;+43 (680)&nbsp;328 24 42 E-Mail:&nbsp;office@dieivans.at Beh\u00f6rde gem. ECG:&nbsp;Magistratisches Bezirksamt des XXII. Bezirkes (E-Commerce-Gesetz) Mitglied: Wirtschaftskammer Wien Haftungsausschluss (Disclaimer) Links: Meine Seite enth\u00e4lt Links zu externen Webseiten Dritter, auf deren Inhalte ich keinen Einfluss habe. Deshalb kann ich f\u00fcr diese Inhalte auch keine Gew\u00e4hr \u00fcbernehmen. F\u00fcr die Inhalte der &#8230; <span class=\"more\"><a class=\"more-link\" href=\"https:\/\/www.dieivans.at\/georg\/impressum\">[zu den Fotos&#8230;]<\/a><\/span><\/p>\n","protected":false},"author":3,"featured_media":0,"parent":0,"menu_order":0,"comment_status":"closed","ping_status":"closed","template":"","meta":{"ngg_post_thumbnail":0,"footnotes":""},"class_list":["entry","page","publish","author-alphauser","post-33"],"_links":{"self":[{"href":"https:\/\/www.dieivans.at\/georg\/wp-json\/wp\/v2\/pages\/33","targetHints":{"allow":["GET"]}}],"collection":[{"href":"https:\/\/www.dieivans.at\/georg\/wp-json\/wp\/v2\/pages"}],"about":[{"href":"https:\/\/www.dieivans.at\/georg\/wp-json\/wp\/v2\/types\/page"}],"author":[{"embeddable":true,"href":"https:\/\/www.dieivans.at\/georg\/wp-json\/wp\/v2\/users\/3"}],"replies":[{"embeddable":true,"href":"https:\/\/www.dieivans.at\/georg\/wp-json\/wp\/v2\/comments?post=33"}],"version-history":[{"count":0,"href":"https:\/\/www.dieivans.at\/georg\/wp-json\/wp\/v2\/pages\/33\/revisions"}],"wp:attachment":[{"href":"https:\/\/www.dieivans.at\/georg\/wp-json\/wp\/v2\/media?parent=33"}],"curies":[{"name":"wp","href":"https:\/\/api.w.org\/{rel}","templated":true}]}}