{"id":4,"date":"2015-09-03T00:00:28","date_gmt":"2015-09-02T22:00:28","guid":{"rendered":"http:\/\/www.dieivans.at\/georg\/?page_id=4"},"modified":"2024-12-10T00:43:02","modified_gmt":"2024-12-09T23:43:02","slug":"ueber-mich","status":"publish","type":"page","link":"https:\/\/www.dieivans.at\/georg\/ueber-mich","title":{"rendered":"\u00fcber mich"},"content":{"rendered":"<ul>\n<li><a href=\"http:\/\/www.dieivans.at\/georg\/wp-content\/uploads\/2014\/03\/20120714_12.42.44-eos600d-IMG_0336-2-PSE-300x300.jpg\"><img loading=\"lazy\" decoding=\"async\" class=\"alignright size-full wp-image-14\" style=\"margin: 5px;\" src=\"http:\/\/www.dieivans.at\/georg\/wp-content\/uploads\/2014\/03\/20120714_12.42.44-eos600d-IMG_0336-2-PSE-300x300.jpg\" alt=\"\" width=\"300\" height=\"300\" srcset=\"https:\/\/www.dieivans.at\/georg\/wp-content\/uploads\/2014\/03\/20120714_12.42.44-eos600d-IMG_0336-2-PSE-300x300.jpg 300w, https:\/\/www.dieivans.at\/georg\/wp-content\/uploads\/2014\/03\/20120714_12.42.44-eos600d-IMG_0336-2-PSE-300x300-150x150.jpg 150w\" sizes=\"auto, (max-width: 300px) 100vw, 300px\" \/><\/a>Fotografieren war, solange ich mich erinnern kann, neben meiner Familie, meiner Tauchleidenschaft und meiner beruflichen Entwicklung immer ein wichtiger Teil meines Lebens. Ich vergesse auch meine Angst vor Hunden, wenn zwischen mir und dem Tier eine Kamera ist.<br \/>\nMeine technische Ausbildung und meine Liebe, EDV zu verstehen und anzuwenden, haben mich sehr fr\u00fch zur digitalen Fotografie gef\u00fchrt. Anfangs mit diversen Kompaktkameras, seit 2013 mit DSLR.<br \/>\nViele Jahre habe ich Fotografieren als Hobby betrieben, habe spannende Herausforderungen gesucht und deshalb auch an Wettbewerben wie dem \u201eWiener Fotomarathon\u201c und &#8222;So sch\u00f6n ist Wien!&#8220; teilgenommen. Die Ergebnisse waren f\u00fcr mich \u00fcberaus anspornend.<\/li>\n<\/ul>\n<p>Nun habe ich diese Leidenschaft auch zu meinem Nebenberuf gemacht. Die zum Teil sehr positiven R\u00fcckmeldungen zu meinen Fotos von Freunden und Bekannten, aber auch von mir v\u00f6llig unbekannten Personen, haben mich in dieser Entscheidung best\u00e4rkt.<\/p>\n<p>Ich will mit meinen Bildern nicht nur Situationen dokumentieren, sondern dabei auch Gef\u00fchle vermitteln.<\/p>\n<h5>derzeit verwende ich folgendes Equipment:<\/h5>\n<ul>\n<li><span style=\"font-size: 12pt; line-height: 1.5em;\">Canon EOS 5D Mark IV<\/span><\/li>\n<li>Backup Canon EOS 5D Mark III<\/li>\n<li>Brennweiten&nbsp;von 8 bis 400mm kann ich mit meinen Objektiven abdecken<\/li>\n<li>verschiedene Filter<\/li>\n<li>mehrere Canon Speedlite Blitze<\/li>\n<li>mobiles Hintergrundsystem mit verschiedenen Hintergrundstoffen<\/li>\n<\/ul>\n<h5>meine Spezialit\u00e4ten:<\/h5>\n<ul>\n<li>Portraitfotografie<\/li>\n<li>Tierfotos<\/li>\n<li>Landschafts- und Objektfotografie<\/li>\n<li>Makros<\/li>\n<li>Unterwasserfotografie (mit meiner kleinen Kompakten)<\/li>\n<\/ul>\n<p>Da ich mich \u00fcber jede neue Herausforderung freue, bin ich schon sehr auf Ihre Auftr\u00e4ge gespannt.<\/p>\n<p>Mein besonderer Dank gilt meiner immer geduldig wartenden Familie.<\/p>\n<p>&nbsp;<\/p>\n<p style=\"text-align: right;\">Stand: 03. September&nbsp;2015<\/p>\n","protected":false},"excerpt":{"rendered":"<p>Fotografieren war, solange ich mich erinnern kann, neben meiner Familie, meiner Tauchleidenschaft und meiner beruflichen Entwicklung immer ein wichtiger Teil meines Lebens. Ich vergesse auch meine Angst vor Hunden, wenn zwischen mir und dem Tier eine Kamera ist. Meine technische Ausbildung und meine Liebe, EDV zu verstehen und anzuwenden, haben mich sehr fr\u00fch zur digitalen &#8230; <span class=\"more\"><a class=\"more-link\" href=\"https:\/\/www.dieivans.at\/georg\/ueber-mich\">[zu den Fotos&#8230;]<\/a><\/span><\/p>\n","protected":false},"author":3,"featured_media":0,"parent":0,"menu_order":0,"comment_status":"closed","ping_status":"closed","template":"","meta":{"ngg_post_thumbnail":0,"footnotes":""},"class_list":["entry","page","publish","author-alphauser","post-4"],"_links":{"self":[{"href":"https:\/\/www.dieivans.at\/georg\/wp-json\/wp\/v2\/pages\/4","targetHints":{"allow":["GET"]}}],"collection":[{"href":"https:\/\/www.dieivans.at\/georg\/wp-json\/wp\/v2\/pages"}],"about":[{"href":"https:\/\/www.dieivans.at\/georg\/wp-json\/wp\/v2\/types\/page"}],"author":[{"embeddable":true,"href":"https:\/\/www.dieivans.at\/georg\/wp-json\/wp\/v2\/users\/3"}],"replies":[{"embeddable":true,"href":"https:\/\/www.dieivans.at\/georg\/wp-json\/wp\/v2\/comments?post=4"}],"version-history":[{"count":0,"href":"https:\/\/www.dieivans.at\/georg\/wp-json\/wp\/v2\/pages\/4\/revisions"}],"wp:attachment":[{"href":"https:\/\/www.dieivans.at\/georg\/wp-json\/wp\/v2\/media?parent=4"}],"curies":[{"name":"wp","href":"https:\/\/api.w.org\/{rel}","templated":true}]}}